{"id":16912,"date":"2021-05-06T17:36:13","date_gmt":"2021-05-06T17:36:13","guid":{"rendered":"https:\/\/robertr77.sg-host.com\/?page_id=16912"},"modified":"2025-09-04T11:47:42","modified_gmt":"2025-09-04T11:47:42","slug":"impressum","status":"publish","type":"page","link":"https:\/\/marionriedl.com\/en\/impressum\/","title":{"rendered":"Impressum"},"content":{"rendered":"<div data-elementor-type=\"wp-page\" data-elementor-id=\"16912\" class=\"elementor elementor-16912\" data-elementor-post-type=\"page\">\n\t\t\t\t\t\t<section class=\"elementor-section elementor-top-section elementor-element elementor-element-4e77073 elementor-section-boxed elementor-section-height-default elementor-section-height-default\" data-id=\"4e77073\" data-element_type=\"section\" data-settings=\"{&quot;background_background&quot;:&quot;classic&quot;}\">\n\t\t\t\t\t\t<div class=\"elementor-container elementor-column-gap-default\">\n\t\t\t\t\t<div class=\"elementor-column elementor-col-100 elementor-top-column elementor-element elementor-element-422a25a\" data-id=\"422a25a\" data-element_type=\"column\" data-settings=\"{&quot;background_background&quot;:&quot;classic&quot;}\">\n\t\t\t<div class=\"elementor-widget-wrap elementor-element-populated\">\n\t\t\t\t\t<div class=\"elementor-background-overlay\"><\/div>\n\t\t\t\t\t\t<section class=\"elementor-section elementor-inner-section elementor-element elementor-element-c48856c elementor-reverse-mobile elementor-section-boxed elementor-section-height-default elementor-section-height-default\" data-id=\"c48856c\" data-element_type=\"section\">\n\t\t\t\t\t\t<div class=\"elementor-container elementor-column-gap-default\">\n\t\t\t\t\t<div class=\"elementor-column elementor-col-50 elementor-inner-column elementor-element elementor-element-7aef948\" data-id=\"7aef948\" data-element_type=\"column\">\n\t\t\t<div class=\"elementor-widget-wrap elementor-element-populated\">\n\t\t\t\t\t\t<div class=\"elementor-element elementor-element-3246100 elementor-widget elementor-widget-heading\" data-id=\"3246100\" data-element_type=\"widget\" data-widget_type=\"heading.default\">\n\t\t\t\t<div class=\"elementor-widget-container\">\n\t\t\t\t\t<h2 class=\"elementor-heading-title elementor-size-default\">Impressum<\/h2>\t\t\t\t<\/div>\n\t\t\t\t<\/div>\n\t\t\t\t<div class=\"elementor-element elementor-element-3f16046 elementor-widget elementor-widget-heading\" data-id=\"3f16046\" data-element_type=\"widget\" data-widget_type=\"heading.default\">\n\t\t\t\t<div class=\"elementor-widget-container\">\n\t\t\t\t\t<h2 class=\"elementor-heading-title elementor-size-default\"><b>Marion Riedl - Mindful Coaching &amp; Yoga<\/b><br>6006 Luzern<br>Schweiz<\/h2>\t\t\t\t<\/div>\n\t\t\t\t<\/div>\n\t\t\t\t<div class=\"elementor-element elementor-element-77a3785 elementor-widget elementor-widget-heading\" data-id=\"77a3785\" data-element_type=\"widget\" data-widget_type=\"heading.default\">\n\t\t\t\t<div class=\"elementor-widget-container\">\n\t\t\t\t\t<h2 class=\"elementor-heading-title elementor-size-default\"><b>Telefon<\/b><br>+41 78 206 14 50<\/h2>\t\t\t\t<\/div>\n\t\t\t\t<\/div>\n\t\t\t\t\t<\/div>\n\t\t<\/div>\n\t\t\t\t<div class=\"elementor-column elementor-col-50 elementor-inner-column elementor-element elementor-element-25c4a53\" data-id=\"25c4a53\" data-element_type=\"column\">\n\t\t\t<div class=\"elementor-widget-wrap elementor-element-populated\">\n\t\t\t\t\t\t<div class=\"elementor-element elementor-element-f1b080d elementor-view-default elementor-widget elementor-widget-icon\" data-id=\"f1b080d\" data-element_type=\"widget\" data-widget_type=\"icon.default\">\n\t\t\t\t<div class=\"elementor-widget-container\">\n\t\t\t\t\t\t\t<div class=\"elementor-icon-wrapper\">\n\t\t\t<div class=\"elementor-icon\">\n\t\t\t<i aria-hidden=\"true\" class=\"eci  butterfly-side-butterfly-web2\"><\/i>\t\t\t<\/div>\n\t\t<\/div>\n\t\t\t\t\t\t<\/div>\n\t\t\t\t<\/div>\n\t\t\t\t\t<\/div>\n\t\t<\/div>\n\t\t\t\t\t<\/div>\n\t\t<\/section>\n\t\t\t\t<div class=\"elementor-element elementor-element-5813f66 elementor-widget elementor-widget-heading\" data-id=\"5813f66\" data-element_type=\"widget\" data-widget_type=\"heading.default\">\n\t\t\t\t<div class=\"elementor-widget-container\">\n\t\t\t\t\t<h2 class=\"elementor-heading-title elementor-size-default\"><b>Inhaltlich verantwortlich<\/b><br><span style=\"color: var( --e-global-color-text )\">Marion Riedl<\/span><\/h2>\t\t\t\t<\/div>\n\t\t\t\t<\/div>\n\t\t\t\t<div class=\"elementor-element elementor-element-eadb98a elementor-widget elementor-widget-heading\" data-id=\"eadb98a\" data-element_type=\"widget\" data-widget_type=\"heading.default\">\n\t\t\t\t<div class=\"elementor-widget-container\">\n\t\t\t\t\t<h2 class=\"elementor-heading-title elementor-size-default\"><b>Bildnachweis<\/b><br><span style=\"color: var( --e-global-color-text )\">Die auf dieser Webseite verwendeten Fotos und Grafiken befinden sich im Besitz von Marion Riedl oder d\u00fcrfen unter lizenzierten Bedingungen verwendet werden. Alle Inhalte unterliegen dem Urheberrecht und d\u00fcrfen ohne weiteres nicht weiterverwendet werden.<\/span><\/h2>\t\t\t\t<\/div>\n\t\t\t\t<\/div>\n\t\t\t\t<div class=\"elementor-element elementor-element-b9127ac elementor-widget elementor-widget-heading\" data-id=\"b9127ac\" data-element_type=\"widget\" data-widget_type=\"heading.default\">\n\t\t\t\t<div class=\"elementor-widget-container\">\n\t\t\t\t\t<h2 class=\"elementor-heading-title elementor-size-default\"><b>Externe Links<\/b><br><span style=\"color: var( --e-global-color-text )\">Trotz sorgf\u00e4ltiger inhaltlicher Kontrolle \u00fcbernehme ich keine Haftung f\u00fcr die Inhalte externer Links. F\u00fcr den Inhalt der verlinkten Seiten sind ausschliesslich deren Betreiber verantwortlich. Deshalb distanziere ich mich ausdr\u00fccklich von den Inhalten und mache mir diese nicht zu eigen.<\/span><\/h2>\t\t\t\t<\/div>\n\t\t\t\t<\/div>\n\t\t\t\t<div class=\"elementor-element elementor-element-a6fa186 elementor-widget elementor-widget-image\" data-id=\"a6fa186\" data-element_type=\"widget\" data-widget_type=\"image.default\">\n\t\t\t\t<div class=\"elementor-widget-container\">\n\t\t\t\t\t\t\t\t\t\t\t\t\t\t\t<img fetchpriority=\"high\" decoding=\"async\" width=\"500\" height=\"100\" src=\"https:\/\/marionriedl.com\/wp-content\/uploads\/2021\/04\/Mindful_Yoga_Trenner_mit_Herz.png\" class=\"attachment-large size-large wp-image-14504\" alt=\"\" srcset=\"https:\/\/marionriedl.com\/wp-content\/uploads\/2021\/04\/Mindful_Yoga_Trenner_mit_Herz.png 500w, https:\/\/marionriedl.com\/wp-content\/uploads\/2021\/04\/Mindful_Yoga_Trenner_mit_Herz-300x60.png 300w, https:\/\/marionriedl.com\/wp-content\/uploads\/2021\/04\/Mindful_Yoga_Trenner_mit_Herz-16x3.png 16w, https:\/\/marionriedl.com\/wp-content\/uploads\/2021\/04\/Mindful_Yoga_Trenner_mit_Herz-20x4.png 20w\" sizes=\"(max-width: 500px) 100vw, 500px\" \/>\t\t\t\t\t\t\t\t\t\t\t\t\t\t\t<\/div>\n\t\t\t\t<\/div>\n\t\t\t\t\t<\/div>\n\t\t<\/div>\n\t\t\t\t\t<\/div>\n\t\t<\/section>\n\t\t\t\t<\/div>","protected":false},"excerpt":{"rendered":"<p>Impressum Marion Riedl &#8211; Mindful Coaching &amp; Yoga6006 LuzernSchweiz Telefon+41 78 206 14 50 Inhaltlich verantwortlichMarion Riedl BildnachweisDie auf dieser Webseite verwendeten Fotos und Grafiken befinden sich im Besitz von Marion Riedl oder d\u00fcrfen unter lizenzierten Bedingungen verwendet werden. Alle Inhalte unterliegen dem Urheberrecht und d\u00fcrfen ohne weiteres nicht weiterverwendet werden. Externe LinksTrotz sorgf\u00e4ltiger inhaltlicher [&hellip;]<\/p>","protected":false},"author":2,"featured_media":0,"parent":0,"menu_order":12,"comment_status":"closed","ping_status":"closed","template":"elementor_theme","meta":{"footnotes":""},"class_list":["post-16912","page","type-page","status-publish","hentry"],"_links":{"self":[{"href":"https:\/\/marionriedl.com\/en\/wp-json\/wp\/v2\/pages\/16912","targetHints":{"allow":["GET"]}}],"collection":[{"href":"https:\/\/marionriedl.com\/en\/wp-json\/wp\/v2\/pages"}],"about":[{"href":"https:\/\/marionriedl.com\/en\/wp-json\/wp\/v2\/types\/page"}],"author":[{"embeddable":true,"href":"https:\/\/marionriedl.com\/en\/wp-json\/wp\/v2\/users\/2"}],"replies":[{"embeddable":true,"href":"https:\/\/marionriedl.com\/en\/wp-json\/wp\/v2\/comments?post=16912"}],"version-history":[{"count":9,"href":"https:\/\/marionriedl.com\/en\/wp-json\/wp\/v2\/pages\/16912\/revisions"}],"predecessor-version":[{"id":40914,"href":"https:\/\/marionriedl.com\/en\/wp-json\/wp\/v2\/pages\/16912\/revisions\/40914"}],"wp:attachment":[{"href":"https:\/\/marionriedl.com\/en\/wp-json\/wp\/v2\/media?parent=16912"}],"curies":[{"name":"wp","href":"https:\/\/api.w.org\/{rel}","templated":true}]}}