{"id":16967,"date":"2021-05-07T10:47:52","date_gmt":"2021-05-07T10:47:52","guid":{"rendered":"https:\/\/robertr77.sg-host.com\/?page_id=16967"},"modified":"2025-06-02T14:59:45","modified_gmt":"2025-06-02T14:59:45","slug":"kontakt","status":"publish","type":"page","link":"https:\/\/marionriedl.com\/en\/kontakt\/","title":{"rendered":"Get in touch"},"content":{"rendered":"<div data-elementor-type=\"wp-page\" data-elementor-id=\"16967\" class=\"elementor elementor-16967\" data-elementor-post-type=\"page\">\n\t\t\t\t<div class=\"elementor-element elementor-element-e011748 animated-slow e-flex e-con-boxed elementor-invisible e-con e-parent\" data-id=\"e011748\" data-element_type=\"container\" data-settings=\"{&quot;animation&quot;:&quot;fadeIn&quot;}\">\n\t\t\t\t\t<div class=\"e-con-inner\">\n\t\t<div class=\"elementor-element elementor-element-bf07734 e-con-full e-flex e-con e-child\" data-id=\"bf07734\" data-element_type=\"container\">\n\t\t\t\t<div class=\"elementor-element elementor-element-49cfe22 elementor-view-default elementor-widget elementor-widget-icon\" data-id=\"49cfe22\" data-element_type=\"widget\" data-widget_type=\"icon.default\">\n\t\t\t\t<div class=\"elementor-widget-container\">\n\t\t\t\t\t\t\t<div class=\"elementor-icon-wrapper\">\n\t\t\t<div class=\"elementor-icon\">\n\t\t\t<i aria-hidden=\"true\" class=\"eci  butterfly-side-butterfly-web2\"><\/i>\t\t\t<\/div>\n\t\t<\/div>\n\t\t\t\t\t\t<\/div>\n\t\t\t\t<\/div>\n\t\t<div class=\"elementor-element elementor-element-0eeefbe e-flex e-con-boxed e-con e-child\" data-id=\"0eeefbe\" data-element_type=\"container\">\n\t\t\t\t\t<div class=\"e-con-inner\">\n\t\t\t\t<div class=\"elementor-element elementor-element-ac578d3 elementor-widget__width-auto elementor-widget elementor-widget-heading\" data-id=\"ac578d3\" data-element_type=\"widget\" data-widget_type=\"heading.default\">\n\t\t\t\t<div class=\"elementor-widget-container\">\n\t\t\t\t\t<h2 class=\"elementor-heading-title elementor-size-default\">Hallo!<\/h2>\t\t\t\t<\/div>\n\t\t\t\t<\/div>\n\t\t\t\t<div class=\"elementor-element elementor-element-6038629 elementor-widget__width-auto elementor-widget elementor-widget-heading\" data-id=\"6038629\" data-element_type=\"widget\" data-widget_type=\"heading.default\">\n\t\t\t\t<div class=\"elementor-widget-container\">\n\t\t\t\t\t<h2 class=\"elementor-heading-title elementor-size-default\">Sch\u00f6n, dass wir uns hier begegnen d\u00fcrfen.<\/h2>\t\t\t\t<\/div>\n\t\t\t\t<\/div>\n\t\t\t\t\t<\/div>\n\t\t\t\t<\/div>\n\t\t\t\t<\/div>\n\t\t\t\t\t<\/div>\n\t\t\t\t<\/div>\n\t\t<div class=\"elementor-element elementor-element-92556c5 e-flex e-con-boxed elementor-invisible e-con e-parent\" data-id=\"92556c5\" data-element_type=\"container\" data-settings=\"{&quot;animation&quot;:&quot;fadeIn&quot;}\">\n\t\t\t\t\t<div class=\"e-con-inner\">\n\t\t<div class=\"elementor-element elementor-element-1c7bd19 e-flex e-con-boxed e-con e-child\" data-id=\"1c7bd19\" data-element_type=\"container\">\n\t\t\t\t\t<div class=\"e-con-inner\">\n\t\t\t\t<div class=\"elementor-element elementor-element-e8c6d88 elementor-widget elementor-widget-text-editor\" data-id=\"e8c6d88\" data-element_type=\"widget\" data-widget_type=\"text-editor.default\">\n\t\t\t\t<div class=\"elementor-widget-container\">\n\t\t\t\t\t\t\t\t\t<p>Schreibe mir gerne eine Email mit deinem Anliegen. Oder rufe mich direkt an und wir kl\u00e4ren deine Fragen in einem Gespr\u00e4ch.<\/p>\t\t\t\t\t\t\t\t<\/div>\n\t\t\t\t<\/div>\n\t\t\t\t<div class=\"elementor-element elementor-element-5490d72 elementor-widget elementor-widget-text-editor\" data-id=\"5490d72\" data-element_type=\"widget\" data-widget_type=\"text-editor.default\">\n\t\t\t\t<div class=\"elementor-widget-container\">\n\t\t\t\t\t\t\t\t\t<p>Yours Marion<\/p>\t\t\t\t\t\t\t\t<\/div>\n\t\t\t\t<\/div>\n\t\t\t\t\t<\/div>\n\t\t\t\t<\/div>\n\t\t\t\t\t<\/div>\n\t\t\t\t<\/div>\n\t\t\t\t<\/div>","protected":false},"excerpt":{"rendered":"<p>Hallo! Sch\u00f6n, dass wir uns hier begegnen d\u00fcrfen. Schreibe mir gerne eine Email mit deinem Anliegen. Oder rufe mich direkt an und wir kl\u00e4ren deine Fragen in einem Gespr\u00e4ch. Deine Marion<\/p>","protected":false},"author":2,"featured_media":0,"parent":0,"menu_order":6,"comment_status":"closed","ping_status":"closed","template":"elementor_theme","meta":{"footnotes":""},"class_list":["post-16967","page","type-page","status-publish","hentry"],"_links":{"self":[{"href":"https:\/\/marionriedl.com\/en\/wp-json\/wp\/v2\/pages\/16967","targetHints":{"allow":["GET"]}}],"collection":[{"href":"https:\/\/marionriedl.com\/en\/wp-json\/wp\/v2\/pages"}],"about":[{"href":"https:\/\/marionriedl.com\/en\/wp-json\/wp\/v2\/types\/page"}],"author":[{"embeddable":true,"href":"https:\/\/marionriedl.com\/en\/wp-json\/wp\/v2\/users\/2"}],"replies":[{"embeddable":true,"href":"https:\/\/marionriedl.com\/en\/wp-json\/wp\/v2\/comments?post=16967"}],"version-history":[{"count":261,"href":"https:\/\/marionriedl.com\/en\/wp-json\/wp\/v2\/pages\/16967\/revisions"}],"predecessor-version":[{"id":40907,"href":"https:\/\/marionriedl.com\/en\/wp-json\/wp\/v2\/pages\/16967\/revisions\/40907"}],"wp:attachment":[{"href":"https:\/\/marionriedl.com\/en\/wp-json\/wp\/v2\/media?parent=16967"}],"curies":[{"name":"wp","href":"https:\/\/api.w.org\/{rel}","templated":true}]}}