{"id":24966,"date":"2021-07-26T17:10:25","date_gmt":"2021-07-26T17:10:25","guid":{"rendered":"https:\/\/marionriedl.com\/?page_id=24966"},"modified":"2025-02-26T13:37:06","modified_gmt":"2025-02-26T13:37:06","slug":"agb","status":"publish","type":"page","link":"https:\/\/marionriedl.com\/en\/agb\/","title":{"rendered":"AGB"},"content":{"rendered":"<div data-elementor-type=\"wp-page\" data-elementor-id=\"24966\" class=\"elementor elementor-24966\" data-elementor-post-type=\"page\">\n\t\t\t\t\t\t<section class=\"elementor-section elementor-top-section elementor-element elementor-element-c5437e0 elementor-section-boxed elementor-section-height-default elementor-section-height-default\" data-id=\"c5437e0\" data-element_type=\"section\">\n\t\t\t\t\t\t<div class=\"elementor-container elementor-column-gap-default\">\n\t\t\t\t\t<div class=\"elementor-column elementor-col-100 elementor-top-column elementor-element elementor-element-72895cc\" data-id=\"72895cc\" data-element_type=\"column\">\n\t\t\t<div class=\"elementor-widget-wrap elementor-element-populated\">\n\t\t\t\t\t\t<div class=\"elementor-element elementor-element-dbf5ead elementor-widget elementor-widget-image\" data-id=\"dbf5ead\" data-element_type=\"widget\" data-widget_type=\"image.default\">\n\t\t\t\t<div class=\"elementor-widget-container\">\n\t\t\t\t\t\t\t\t\t\t\t\t\t\t\t<img fetchpriority=\"high\" decoding=\"async\" width=\"628\" height=\"276\" src=\"https:\/\/marionriedl.com\/wp-content\/uploads\/2021\/04\/Mindful_Yoga_Sonne.png\" class=\"attachment-large size-large wp-image-14502\" alt=\"\" srcset=\"https:\/\/marionriedl.com\/wp-content\/uploads\/2021\/04\/Mindful_Yoga_Sonne.png 628w, https:\/\/marionriedl.com\/wp-content\/uploads\/2021\/04\/Mindful_Yoga_Sonne-300x132.png 300w, https:\/\/marionriedl.com\/wp-content\/uploads\/2021\/04\/Mindful_Yoga_Sonne-16x7.png 16w, https:\/\/marionriedl.com\/wp-content\/uploads\/2021\/04\/Mindful_Yoga_Sonne-20x9.png 20w\" sizes=\"(max-width: 628px) 100vw, 628px\" \/>\t\t\t\t\t\t\t\t\t\t\t\t\t\t\t<\/div>\n\t\t\t\t<\/div>\n\t\t\t\t\t<\/div>\n\t\t<\/div>\n\t\t\t\t\t<\/div>\n\t\t<\/section>\n\t\t\t\t<section class=\"elementor-section elementor-top-section elementor-element elementor-element-3bc3e59 elementor-section-boxed elementor-section-height-default elementor-section-height-default\" data-id=\"3bc3e59\" data-element_type=\"section\">\n\t\t\t\t\t\t<div class=\"elementor-container elementor-column-gap-default\">\n\t\t\t\t\t<div class=\"elementor-column elementor-col-100 elementor-top-column elementor-element elementor-element-07586a2\" data-id=\"07586a2\" data-element_type=\"column\">\n\t\t\t<div class=\"elementor-widget-wrap elementor-element-populated\">\n\t\t\t\t\t\t<div class=\"elementor-element elementor-element-ba3cd10 elementor-widget elementor-widget-heading\" data-id=\"ba3cd10\" data-element_type=\"widget\" data-widget_type=\"heading.default\">\n\t\t\t\t<div class=\"elementor-widget-container\">\n\t\t\t\t\t<h2 class=\"elementor-heading-title elementor-size-default\">Allgemeine Gesch\u00e4ftsbedingungen (AGB) <\/h2>\t\t\t\t<\/div>\n\t\t\t\t<\/div>\n\t\t\t\t<div class=\"elementor-element elementor-element-b729081 elementor-widget elementor-widget-heading\" data-id=\"b729081\" data-element_type=\"widget\" data-widget_type=\"heading.default\">\n\t\t\t\t<div class=\"elementor-widget-container\">\n\t\t\t\t\t<h2 class=\"elementor-heading-title elementor-size-default\">Allgemeine Gesch\u00e4ftsbedingungen (AGB) von Marion Riedl \u2013 Mindful Coaching &amp; Yoga<br \/><br \/>\nAus Gr\u00fcnden der leichteren Lesbarkeit wird in den vorliegenden AGB die gewohnte m\u00e4nnliche Sprachform bei personenbezogenen Substantiven und Pronomen verwendet.\n<\/h2>\t\t\t\t<\/div>\n\t\t\t\t<\/div>\n\t\t\t\t<div class=\"elementor-element elementor-element-439c376 elementor-widget elementor-widget-heading\" data-id=\"439c376\" data-element_type=\"widget\" data-widget_type=\"heading.default\">\n\t\t\t\t<div class=\"elementor-widget-container\">\n\t\t\t\t\t<h2 class=\"elementor-heading-title elementor-size-default\">Geltungsbereich<\/h2>\t\t\t\t<\/div>\n\t\t\t\t<\/div>\n\t\t\t\t<div class=\"elementor-element elementor-element-dcb32a9 elementor-widget elementor-widget-heading\" data-id=\"dcb32a9\" data-element_type=\"widget\" data-widget_type=\"heading.default\">\n\t\t\t\t<div class=\"elementor-widget-container\">\n\t\t\t\t\t<h2 class=\"elementor-heading-title elementor-size-default\">Marion Riedl \u2013 Mindful Coaching &amp; Yoga, Baumgarten 4, CH-6373 Ennetb\u00fcrgen, (im Folgenden als Marion Riedl bezeichnet) ist die Betreiberin der Webseite www.marionriedl.com (im Folgenden als marionriedl.com bezeichnet). Die vorliegenden allgemeinen Gesch\u00e4ftsbedingungen (AGB) gelten, zum Zeitpunkt des Vertragsschlusses in der aktuellen Fassung, f\u00fcr alle Gesch\u00e4ftsbeziehungen zwischen Marion Riedl und ihren Kunden. <\/h2>\t\t\t\t<\/div>\n\t\t\t\t<\/div>\n\t\t\t\t<div class=\"elementor-element elementor-element-b602c65 elementor-widget elementor-widget-heading\" data-id=\"b602c65\" data-element_type=\"widget\" data-widget_type=\"heading.default\">\n\t\t\t\t<div class=\"elementor-widget-container\">\n\t\t\t\t\t<h2 class=\"elementor-heading-title elementor-size-default\">Vertragsgegenstand<\/h2>\t\t\t\t<\/div>\n\t\t\t\t<\/div>\n\t\t\t\t<div class=\"elementor-element elementor-element-a9741d8 elementor-widget elementor-widget-heading\" data-id=\"a9741d8\" data-element_type=\"widget\" data-widget_type=\"heading.default\">\n\t\t\t\t<div class=\"elementor-widget-container\">\n\t\t\t\t\t<h2 class=\"elementor-heading-title elementor-size-default\">Marion Riedl bietet Dienstleistungen gem\u00e4ss dem auf marionriedl.com publizierten Angebot an. Das Angebot umfasst Yoga, Coachings, Workshops, Kurse und Seminare. Diese Dienstleistungen werden online (live oder im Online-Portal abrufbar), an einem vereinbarten Ort oder in den R\u00e4umen von Marion Riedl angeboten. Das Angebot kann als Einzelbuchung, als Paketbuchung (im Folgenden Packages genannt) sowie als Gutschein in Anspruch genommen werden. Au\u00dferdem bietet Marion Riedl auf marionriedl.com ein Online-Portal an. Der Zutritt gilt nur f\u00fcr angemeldete Teilnehmer und ist nicht \u00fcbertragbar. Der Zutritt dient der pers\u00f6nlichen Nutzung und ausschliesslich zu privaten Zwecken.<\/h2>\t\t\t\t<\/div>\n\t\t\t\t<\/div>\n\t\t\t\t<div class=\"elementor-element elementor-element-626856f elementor-widget elementor-widget-heading\" data-id=\"626856f\" data-element_type=\"widget\" data-widget_type=\"heading.default\">\n\t\t\t\t<div class=\"elementor-widget-container\">\n\t\t\t\t\t<h2 class=\"elementor-heading-title elementor-size-default\">Haftungsausschluss<\/h2>\t\t\t\t<\/div>\n\t\t\t\t<\/div>\n\t\t\t\t<div class=\"elementor-element elementor-element-f148187 elementor-widget elementor-widget-heading\" data-id=\"f148187\" data-element_type=\"widget\" data-widget_type=\"heading.default\">\n\t\t\t\t<div class=\"elementor-widget-container\">\n\t\t\t\t\t<h2 class=\"elementor-heading-title elementor-size-default\">Marion Riedl f\u00fchrt s\u00e4mtliche Auftr\u00e4ge und Kurse mit der gr\u00f6sstm\u00f6glichen Sorgfalt und der n\u00f6tigen Qualit\u00e4t durch. F\u00fcr das Ergebnis ihrer T\u00e4tigkeit kann Marion Riedl jedoch keinerlei Haftung \u00fcbernehmen und ein subjektiv erwarteter Erfolg kann nicht garantiert werden. <br \/>\nDas  <b> Coachingangebot  <\/b> dient der Pers\u00f6nlichkeitsentwicklung von gesunden Menschen und erfolgt auf eigene Verantwortung. Coaching ersetzt keine Psychotherapie oder psychologische Beratung und dient nicht der Behandlung und Heilung von Krankheiten. Sollten gesundheitliche Probleme vorliegen, liegt es in der Verantwortung des Kunden einen Arzt zu Rate zu ziehen. <br \/>\n <b> Yoga und Meditation:  <\/b> Die Teilnahme an den Yogastunden (Gruppenkurse und Einzeltraining) geschieht auf eigene Verantwortung und eigenes Risiko. Jeder sollte zum Kurszeitpunkt k\u00f6rperlich, geistig und seelisch gesund sein. Sollte der Gesundheitszustand unklar sein - z.B. in Bezug auf den Bewegungsapparat, Herz-Kreislauf, Atemwege, Bluthochdruck, etc. oder eine Schwangerschaft vorliegen - liegt es in der Verantwortung des Teilnehmers vor der Yogastunde dies von einem Arzt oder Therapeuten abkl\u00e4ren zu lassen.\n<\/h2>\t\t\t\t<\/div>\n\t\t\t\t<\/div>\n\t\t\t\t<div class=\"elementor-element elementor-element-3b03bcc elementor-widget elementor-widget-heading\" data-id=\"3b03bcc\" data-element_type=\"widget\" data-widget_type=\"heading.default\">\n\t\t\t\t<div class=\"elementor-widget-container\">\n\t\t\t\t\t<h2 class=\"elementor-heading-title elementor-size-default\">Eigenverantwortung <\/h2>\t\t\t\t<\/div>\n\t\t\t\t<\/div>\n\t\t\t\t<div class=\"elementor-element elementor-element-dc994ee elementor-widget elementor-widget-heading\" data-id=\"dc994ee\" data-element_type=\"widget\" data-widget_type=\"heading.default\">\n\t\t\t\t<div class=\"elementor-widget-container\">\n\t\t\t\t\t<h2 class=\"elementor-heading-title elementor-size-default\">Der Kunde bringt Eigenverantwortung und die Bereitschaft f\u00fcr einen pers\u00f6nlichen Wachstumsprozess in den angebotenen Dienstleistungen mit. <br \/>\nIm Bereich Coaching gilt: Ein Coaching beruht auf Kooperation und gegenseitigem Vertrauen. Coaching ist ein freier, aktiver und selbstverantwortlicher Prozess und ein bestimmter Erfolg kann nicht garantiert werden. Der Coach steht dem Klienten als Prozessbegleiter und als Unterst\u00fctzung bei eigenen Entscheidungen und Ver\u00e4nderungen zur Seite \u2013 die eigentliche Ver\u00e4nderungsarbeit wird vom Klienten geleistet. Der Klient sollte daher bereit und offen sein, sich mit sich selbst und seiner Situation auseinanderzusetzen und sich pers\u00f6nlich zu ver\u00e4ndern. Der Klient ist f\u00fcr seine physische und psychische Gesundheit sowohl w\u00e4hrend der Sitzung als auch in der Phase zwischen den Terminen in vollem Umfang selbst verantwortlich. S\u00e4mtliche Ma\u00dfnahmen, die der Klient aufgrund des Coachings durchf\u00fchrt, liegen in seinem eigenen Verantwortungsbereich. <\/h2>\t\t\t\t<\/div>\n\t\t\t\t<\/div>\n\t\t\t\t<div class=\"elementor-element elementor-element-74ee532 elementor-widget elementor-widget-heading\" data-id=\"74ee532\" data-element_type=\"widget\" data-widget_type=\"heading.default\">\n\t\t\t\t<div class=\"elementor-widget-container\">\n\t\t\t\t\t<h2 class=\"elementor-heading-title elementor-size-default\">Pers\u00f6nlichkeitsschutz <\/h2>\t\t\t\t<\/div>\n\t\t\t\t<\/div>\n\t\t\t\t<div class=\"elementor-element elementor-element-806ffc5 elementor-widget elementor-widget-heading\" data-id=\"806ffc5\" data-element_type=\"widget\" data-widget_type=\"heading.default\">\n\t\t\t\t<div class=\"elementor-widget-container\">\n\t\t\t\t\t<h2 class=\"elementor-heading-title elementor-size-default\">Die erfassten Daten und anvertrauten Informationen werden streng vertraulich behandelt. Es erfolgt niemals eine Weitergabe der Daten an Dritte ohne ausdr\u00fccklichen Wunsch, Auftrag und Einverst\u00e4ndnis des betroffenen Klienten. <\/h2>\t\t\t\t<\/div>\n\t\t\t\t<\/div>\n\t\t\t\t<div class=\"elementor-element elementor-element-d869485 elementor-widget elementor-widget-heading\" data-id=\"d869485\" data-element_type=\"widget\" data-widget_type=\"heading.default\">\n\t\t\t\t<div class=\"elementor-widget-container\">\n\t\t\t\t\t<h2 class=\"elementor-heading-title elementor-size-default\">Terminvereinbarungen <\/h2>\t\t\t\t<\/div>\n\t\t\t\t<\/div>\n\t\t\t\t<div class=\"elementor-element elementor-element-2ada56e elementor-widget elementor-widget-heading\" data-id=\"2ada56e\" data-element_type=\"widget\" data-widget_type=\"heading.default\">\n\t\t\t\t<div class=\"elementor-widget-container\">\n\t\t\t\t\t<h2 class=\"elementor-heading-title elementor-size-default\">Termine k\u00f6nnen per Mail, WhatsApp, Telefon oder pers\u00f6nlich zustande kommen und dauern in der Regel 60 - 90 Minuten. Mit der Terminvereinbarung kommt ein f\u00fcr beide Parteien g\u00fcltiges Dienstleistungsverh\u00e4ltnis zustande und die AGB treten in Kraft. Vereinbarte Termine sind verbindlich.<\/h2>\t\t\t\t<\/div>\n\t\t\t\t<\/div>\n\t\t\t\t<div class=\"elementor-element elementor-element-f25b3a1 elementor-widget elementor-widget-heading\" data-id=\"f25b3a1\" data-element_type=\"widget\" data-widget_type=\"heading.default\">\n\t\t\t\t<div class=\"elementor-widget-container\">\n\t\t\t\t\t<h2 class=\"elementor-heading-title elementor-size-default\">Versp\u00e4tung <\/h2>\t\t\t\t<\/div>\n\t\t\t\t<\/div>\n\t\t\t\t<div class=\"elementor-element elementor-element-ebee8d0 elementor-widget elementor-widget-heading\" data-id=\"ebee8d0\" data-element_type=\"widget\" data-widget_type=\"heading.default\">\n\t\t\t\t<div class=\"elementor-widget-container\">\n\t\t\t\t\t<h2 class=\"elementor-heading-title elementor-size-default\">Falls der Klient versp\u00e4tet zu einem Termin erscheint, gilt f\u00fcr die Berechnung des Tarifs die urspr\u00fcnglich vereinbarte Zeit. Klienten werden in ihrem eigenen Interesse um P\u00fcnktlichkeit gebeten.<\/h2>\t\t\t\t<\/div>\n\t\t\t\t<\/div>\n\t\t\t\t<div class=\"elementor-element elementor-element-c38ff3f elementor-widget elementor-widget-heading\" data-id=\"c38ff3f\" data-element_type=\"widget\" data-widget_type=\"heading.default\">\n\t\t\t\t<div class=\"elementor-widget-container\">\n\t\t\t\t\t<h2 class=\"elementor-heading-title elementor-size-default\">Annulationsbedingungen<\/h2>\t\t\t\t<\/div>\n\t\t\t\t<\/div>\n\t\t\t\t<div class=\"elementor-element elementor-element-3b842eb elementor-widget elementor-widget-heading\" data-id=\"3b842eb\" data-element_type=\"widget\" data-widget_type=\"heading.default\">\n\t\t\t\t<div class=\"elementor-widget-container\">\n\t\t\t\t\t<h2 class=\"elementor-heading-title elementor-size-default\">Vereinbarte Termine sind verbindlich. Terminabsagen\/Terminverschiebungen sind vom Kunden bis sp\u00e4testens 24 Stunden vorher per Telefon, WhatsApp oder per Mail vorzunehmen. Bei nicht einhalten der Annullations-Regelung wird der normale Stundentarif in Rechnung gestellt. Absagen bis 24 Stunden vor Termin sind kostenfrei. Absagen weniger als 24 Stunden vor Termin werden zu 100% verrechnet. Wird ein Package durch den Kunden vorzeitig beendet, erfolgt keine R\u00fcckerstattung des noch offenen Betrags.<\/h2>\t\t\t\t<\/div>\n\t\t\t\t<\/div>\n\t\t\t\t<div class=\"elementor-element elementor-element-663396b elementor-widget elementor-widget-heading\" data-id=\"663396b\" data-element_type=\"widget\" data-widget_type=\"heading.default\">\n\t\t\t\t<div class=\"elementor-widget-container\">\n\t\t\t\t\t<h2 class=\"elementor-heading-title elementor-size-default\">Gutscheine <\/h2>\t\t\t\t<\/div>\n\t\t\t\t<\/div>\n\t\t\t\t<div class=\"elementor-element elementor-element-0bcd9cf elementor-widget elementor-widget-heading\" data-id=\"0bcd9cf\" data-element_type=\"widget\" data-widget_type=\"heading.default\">\n\t\t\t\t<div class=\"elementor-widget-container\">\n\t\t\t\t\t<h2 class=\"elementor-heading-title elementor-size-default\">Gutscheine k\u00f6nnen ausschliesslich \u00fcber marionriedl.com bezogen werden. Die Kosten f\u00fcr den Gutschein werden vom Kunden mit Erhalt der Rechnung beglichen. Der Gutschein ist erst g\u00fcltig, wenn der f\u00e4llige Betrag vollst\u00e4ndig bezahlt wurde. Die Gutscheine bleiben 1 Jahr ab Ausstellungsdatum g\u00fcltig und sind mit einer einmaligen Seriennummer versehen, die zum Einl\u00f6sen der Gutscheine ben\u00f6tigt wird. Die Gutscheine sind nicht auf eine bestimmte Person ausgestellt und somit frei \u00fcbertragbar. Gutscheine k\u00f6nnen nicht in bar ausbezahlt oder retourniert werden. Das gleiche gilt f\u00fcr Restguthaben bzw. nicht vollst\u00e4ndig genutzte Gutscheine. Bei Verlust, Diebstahl oder Entwendung von Gutscheinen \u00fcbernimmt Marion Riedl keine Haftung und es kann kein Ersatz durch Marion Riedl geleistet werden. Gutscheine sind nicht mit anderen Aktionen bzw. Rabatten kumulierbar. Der Gutschein kann nur f\u00fcr die auf dem Gutschein genannte Dienstleistung eingel\u00f6st werden. Der Versand des Gutscheins erfolgt \u00fcber den Postweg und ist kostenfrei. Es wird keine Haftung f\u00fcr eine versp\u00e4tete Zustellung auf dem Postweg \u00fcbernommen. Die angegebenen Preise enthalten die gesetzliche Mehrwertsteuer und sonstige Preisbestandteile, eine Verrechnung erfolgt mit der Inanspruchnahme der Dienstleistung. <\/h2>\t\t\t\t<\/div>\n\t\t\t\t<\/div>\n\t\t\t\t<div class=\"elementor-element elementor-element-d9953ad elementor-widget elementor-widget-heading\" data-id=\"d9953ad\" data-element_type=\"widget\" data-widget_type=\"heading.default\">\n\t\t\t\t<div class=\"elementor-widget-container\">\n\t\t\t\t\t<h2 class=\"elementor-heading-title elementor-size-default\">Preise\/Bezahlung <\/h2>\t\t\t\t<\/div>\n\t\t\t\t<\/div>\n\t\t\t\t<div class=\"elementor-element elementor-element-ed7d960 elementor-widget elementor-widget-heading\" data-id=\"ed7d960\" data-element_type=\"widget\" data-widget_type=\"heading.default\">\n\t\t\t\t<div class=\"elementor-widget-container\">\n\t\t\t\t\t<h2 class=\"elementor-heading-title elementor-size-default\">Alle Preise sind verbindlich und in Schweizer Franken und in Euro angegeben. Die Kosten f\u00fcr die Yoga-Gruppenkurse, Workshops und Seminare aller Art fallen im Voraus an. Die Kosten f\u00fcr Coachings, One-on-One-Einzeltrainings und Gutscheine werden vom Kunden mit Erhalt der Rechnung beglichen. Folgende Zahlungsm\u00f6glichkeiten stehen zur Verf\u00fcgung: \u00dcberweisung, Paypal und Twint.<\/h2>\t\t\t\t<\/div>\n\t\t\t\t<\/div>\n\t\t\t\t<div class=\"elementor-element elementor-element-6500cbf elementor-widget elementor-widget-heading\" data-id=\"6500cbf\" data-element_type=\"widget\" data-widget_type=\"heading.default\">\n\t\t\t\t<div class=\"elementor-widget-container\">\n\t\t\t\t\t<h2 class=\"elementor-heading-title elementor-size-default\">Salvatorische Klausel<\/h2>\t\t\t\t<\/div>\n\t\t\t\t<\/div>\n\t\t\t\t<div class=\"elementor-element elementor-element-ba6d3fa elementor-widget elementor-widget-heading\" data-id=\"ba6d3fa\" data-element_type=\"widget\" data-widget_type=\"heading.default\">\n\t\t\t\t<div class=\"elementor-widget-container\">\n\t\t\t\t\t<h2 class=\"elementor-heading-title elementor-size-default\">Sollten einzelne Bestimmungen dieser AGB ganz oder teilweise unwirksam sein oder sollte eine regelungsbed\u00fcrftige Vertragsl\u00fccke bestehen, behalten die \u00fcbrigen Bestimmungen ihre uneingeschr\u00e4nkte G\u00fcltigkeit. <\/h2>\t\t\t\t<\/div>\n\t\t\t\t<\/div>\n\t\t\t\t<div class=\"elementor-element elementor-element-e522fa7 elementor-widget elementor-widget-heading\" data-id=\"e522fa7\" data-element_type=\"widget\" data-widget_type=\"heading.default\">\n\t\t\t\t<div class=\"elementor-widget-container\">\n\t\t\t\t\t<h2 class=\"elementor-heading-title elementor-size-default\">Gerichtsstand <\/h2>\t\t\t\t<\/div>\n\t\t\t\t<\/div>\n\t\t\t\t<div class=\"elementor-element elementor-element-829cdbb elementor-widget elementor-widget-heading\" data-id=\"829cdbb\" data-element_type=\"widget\" data-widget_type=\"heading.default\">\n\t\t\t\t<div class=\"elementor-widget-container\">\n\t\t\t\t\t<h2 class=\"elementor-heading-title elementor-size-default\">Es gilt Schweizer Recht. Erf\u00fcllungsort und Gerichtstand ist Ennetb\u00fcrgen NW, vorbeh\u00e4ltlich der zwingenden Gerichtsst\u00e4nde des Bundesrechts. <\/h2>\t\t\t\t<\/div>\n\t\t\t\t<\/div>\n\t\t\t\t<div class=\"elementor-element elementor-element-f057d52 elementor-widget elementor-widget-heading\" data-id=\"f057d52\" data-element_type=\"widget\" data-widget_type=\"heading.default\">\n\t\t\t\t<div class=\"elementor-widget-container\">\n\t\t\t\t\t<h2 class=\"elementor-heading-title elementor-size-default\">Schlussbestimmungen <\/h2>\t\t\t\t<\/div>\n\t\t\t\t<\/div>\n\t\t\t\t<div class=\"elementor-element elementor-element-0a7448f elementor-widget elementor-widget-heading\" data-id=\"0a7448f\" data-element_type=\"widget\" data-widget_type=\"heading.default\">\n\t\t\t\t<div class=\"elementor-widget-container\">\n\t\t\t\t\t<h2 class=\"elementor-heading-title elementor-size-default\">Marion Riedl ist jederzeit berechtigt, die AGB in zumutbarer Weise zu ver\u00e4ndern und anzupassen. Die aktuelle und verbindliche Fassung der AGB von Marion Riedl wird im Internet auf marionriedl.com publiziert. Die aktualisierte Fassung der AGB gilt, sobald sie im Internet unter der genannten Internetadresse publiziert ist.<\/h2>\t\t\t\t<\/div>\n\t\t\t\t<\/div>\n\t\t\t\t<div class=\"elementor-element elementor-element-22b57a1 elementor-widget elementor-widget-heading\" data-id=\"22b57a1\" data-element_type=\"widget\" data-widget_type=\"heading.default\">\n\t\t\t\t<div class=\"elementor-widget-container\">\n\t\t\t\t\t<h2 class=\"elementor-heading-title elementor-size-default\"><a href=\"https:\/\/www.swissanwalt.ch\/\" target=\"_blank\"><b>Stand: 27. Juli 2021<\/b><\/a><\/h2>\t\t\t\t<\/div>\n\t\t\t\t<\/div>\n\t\t\t\t<div class=\"elementor-element elementor-element-7995206 elementor-button-align-stretch elementor-widget elementor-widget-form\" data-id=\"7995206\" data-element_type=\"widget\" data-settings=\"{&quot;step_next_label&quot;:&quot;N\\u00e4chster&quot;,&quot;step_previous_label&quot;:&quot;Voriger&quot;,&quot;button_width&quot;:&quot;100&quot;,&quot;step_type&quot;:&quot;number_text&quot;,&quot;step_icon_shape&quot;:&quot;circle&quot;}\" data-widget_type=\"form.default\">\n\t\t\t\t<div class=\"elementor-widget-container\">\n\t\t\t\t\t\t\t<form class=\"elementor-form\" method=\"post\" name=\"Newsletter\" action=\"\">\n\t\t\t<input type=\"hidden\" name=\"post_id\" value=\"24966\"\/>\n\t\t\t<input type=\"hidden\" name=\"form_id\" value=\"7995206\"\/>\n\t\t\t<input type=\"hidden\" name=\"referer_title\" value=\"\" \/>\n\n\t\t\t\n\t\t\t<div class=\"elementor-form-fields-wrapper elementor-labels-\">\n\t\t\t\t\t\t\t\t<div class=\"elementor-field-type-text elementor-field-group elementor-column elementor-field-group-name elementor-col-100 elementor-field-required\">\n\t\t\t\t\t\t\t\t\t\t\t\t<label for=\"form-field-name\" class=\"elementor-field-label elementor-screen-only\">\n\t\t\t\t\t\t\t\tVorname\t\t\t\t\t\t\t<\/label>\n\t\t\t\t\t\t\t\t\t\t\t\t\t\t<input size=\"1\" type=\"text\" name=\"form_fields[name]\" id=\"form-field-name\" class=\"elementor-field elementor-size-sm  elementor-field-textual\" placeholder=\"Vorname\" required=\"required\">\n\t\t\t\t\t\t\t\t\t\t\t<\/div>\n\t\t\t\t\t\t\t\t<div class=\"elementor-field-type-email elementor-field-group elementor-column elementor-field-group-email elementor-col-100 elementor-field-required\">\n\t\t\t\t\t\t\t\t\t\t\t\t<label for=\"form-field-email\" class=\"elementor-field-label elementor-screen-only\">\n\t\t\t\t\t\t\t\tE-Mail\t\t\t\t\t\t\t<\/label>\n\t\t\t\t\t\t\t\t\t\t\t\t\t\t<input size=\"1\" type=\"email\" name=\"form_fields[email]\" id=\"form-field-email\" class=\"elementor-field elementor-size-sm  elementor-field-textual\" placeholder=\"E-Mail\" required=\"required\">\n\t\t\t\t\t\t\t\t\t\t\t<\/div>\n\t\t\t\t\t\t\t\t<div class=\"elementor-field-group elementor-column elementor-field-type-submit elementor-col-100 e-form__buttons\">\n\t\t\t\t\t<button class=\"elementor-button elementor-size-sm\" type=\"submit\">\n\t\t\t\t\t\t<span class=\"elementor-button-content-wrapper\">\n\t\t\t\t\t\t\t\t\t\t\t\t\t\t\t\t\t\t\t\t\t\t<span class=\"elementor-button-text\">Senden<\/span>\n\t\t\t\t\t\t\t\t\t\t\t\t\t<\/span>\n\t\t\t\t\t<\/button>\n\t\t\t\t<\/div>\n\t\t\t<\/div>\n\t\t<input type=\"hidden\" name=\"trp-form-language\" value=\"en\"\/><\/form>\n\t\t\t\t\t\t<\/div>\n\t\t\t\t<\/div>\n\t\t\t\t\t<\/div>\n\t\t<\/div>\n\t\t\t\t\t<\/div>\n\t\t<\/section>\n\t\t\t\t<\/div>","protected":false},"excerpt":{"rendered":"<p>Allgemeine Gesch\u00e4ftsbedingungen (AGB) Allgemeine Gesch\u00e4ftsbedingungen (AGB) von Marion Riedl \u2013 Mindful Coaching &amp; Yoga Aus Gr\u00fcnden der leichteren Lesbarkeit wird in den vorliegenden AGB die gewohnte m\u00e4nnliche Sprachform bei personenbezogenen Substantiven und Pronomen verwendet. Geltungsbereich Marion Riedl \u2013 Mindful Coaching &amp; Yoga, Baumgarten 4, CH-6373 Ennetb\u00fcrgen, (im Folgenden als Marion Riedl bezeichnet) ist die Betreiberin [&hellip;]<\/p>","protected":false},"author":2,"featured_media":0,"parent":0,"menu_order":10,"comment_status":"closed","ping_status":"closed","template":"elementor_theme","meta":{"footnotes":""},"class_list":["post-24966","page","type-page","status-publish","hentry"],"_links":{"self":[{"href":"https:\/\/marionriedl.com\/en\/wp-json\/wp\/v2\/pages\/24966","targetHints":{"allow":["GET"]}}],"collection":[{"href":"https:\/\/marionriedl.com\/en\/wp-json\/wp\/v2\/pages"}],"about":[{"href":"https:\/\/marionriedl.com\/en\/wp-json\/wp\/v2\/types\/page"}],"author":[{"embeddable":true,"href":"https:\/\/marionriedl.com\/en\/wp-json\/wp\/v2\/users\/2"}],"replies":[{"embeddable":true,"href":"https:\/\/marionriedl.com\/en\/wp-json\/wp\/v2\/comments?post=24966"}],"version-history":[{"count":9,"href":"https:\/\/marionriedl.com\/en\/wp-json\/wp\/v2\/pages\/24966\/revisions"}],"predecessor-version":[{"id":40884,"href":"https:\/\/marionriedl.com\/en\/wp-json\/wp\/v2\/pages\/24966\/revisions\/40884"}],"wp:attachment":[{"href":"https:\/\/marionriedl.com\/en\/wp-json\/wp\/v2\/media?parent=24966"}],"curies":[{"name":"wp","href":"https:\/\/api.w.org\/{rel}","templated":true}]}}