{"id":33085,"date":"2022-05-19T11:15:07","date_gmt":"2022-05-19T11:15:07","guid":{"rendered":"https:\/\/marionriedl.com\/?page_id=33085"},"modified":"2025-03-03T18:01:46","modified_gmt":"2025-03-03T18:01:46","slug":"heroes-for-heroes","status":"publish","type":"page","link":"https:\/\/marionriedl.com\/en\/coaching-reconnect-with-your-inner-self\/heroes-for-heroes\/","title":{"rendered":"Heroes for Heroes"},"content":{"rendered":"<div data-elementor-type=\"wp-page\" data-elementor-id=\"33085\" class=\"elementor elementor-33085\" data-elementor-post-type=\"page\">\n\t\t\t\t<div class=\"elementor-element elementor-element-bb9573e e-con-full e-flex elementor-invisible e-con e-parent\" data-id=\"bb9573e\" data-element_type=\"container\" data-settings=\"{&quot;background_background&quot;:&quot;classic&quot;,&quot;animation&quot;:&quot;fadeIn&quot;}\">\n\t\t<div class=\"elementor-element elementor-element-52ad3a6 e-con-full e-flex e-con e-child\" data-id=\"52ad3a6\" data-element_type=\"container\" data-settings=\"{&quot;background_background&quot;:&quot;classic&quot;}\">\n\t\t\t\t<div class=\"elementor-element elementor-element-3fcd1ba elementor-widget elementor-widget-heading\" data-id=\"3fcd1ba\" data-element_type=\"widget\" data-widget_type=\"heading.default\">\n\t\t\t\t<div class=\"elementor-widget-container\">\n\t\t\t\t\t<h2 class=\"elementor-heading-title elementor-size-default\">HELDEN WACHSEN GEMEINSAM<\/h2>\t\t\t\t<\/div>\n\t\t\t\t<\/div>\n\t\t\t\t<div class=\"elementor-element elementor-element-4c59064 animated-slow elementor-widget elementor-widget-heading\" data-id=\"4c59064\" data-element_type=\"widget\" data-settings=\"{&quot;_animation&quot;:&quot;none&quot;}\" data-widget_type=\"heading.default\">\n\t\t\t\t<div class=\"elementor-widget-container\">\n\t\t\t\t\t<h2 class=\"elementor-heading-title elementor-size-default\">Heroes for Heroes<\/h2>\t\t\t\t<\/div>\n\t\t\t\t<\/div>\n\t\t\t\t<div class=\"elementor-element elementor-element-10f8fec elementor-view-default elementor-widget elementor-widget-icon\" data-id=\"10f8fec\" data-element_type=\"widget\" data-widget_type=\"icon.default\">\n\t\t\t\t<div class=\"elementor-widget-container\">\n\t\t\t\t\t\t\t<div class=\"elementor-icon-wrapper\">\n\t\t\t<div class=\"elementor-icon\">\n\t\t\t<i aria-hidden=\"true\" class=\"eci  herz_striche-marion_schau\"><\/i>\t\t\t<\/div>\n\t\t<\/div>\n\t\t\t\t\t\t<\/div>\n\t\t\t\t<\/div>\n\t\t\t\t<\/div>\n\t\t<div class=\"elementor-element elementor-element-352d76d e-con-full e-flex e-con e-child\" data-id=\"352d76d\" data-element_type=\"container\" data-settings=\"{&quot;background_background&quot;:&quot;classic&quot;}\">\n\t\t\t\t<\/div>\n\t\t\t\t<\/div>\n\t\t\t\t<section class=\"elementor-section elementor-top-section elementor-element elementor-element-36e70df elementor-section-boxed elementor-section-height-default elementor-section-height-default elementor-invisible\" data-id=\"36e70df\" data-element_type=\"section\" data-settings=\"{&quot;animation&quot;:&quot;fadeIn&quot;}\">\n\t\t\t\t\t\t<div class=\"elementor-container elementor-column-gap-default\">\n\t\t\t\t\t<div class=\"elementor-column elementor-col-50 elementor-top-column elementor-element elementor-element-b3d32b9\" data-id=\"b3d32b9\" data-element_type=\"column\">\n\t\t\t<div class=\"elementor-widget-wrap elementor-element-populated\">\n\t\t\t\t\t\t<div class=\"elementor-element elementor-element-d216f5f elementor-widget elementor-widget-image\" data-id=\"d216f5f\" data-element_type=\"widget\" data-widget_type=\"image.default\">\n\t\t\t\t<div class=\"elementor-widget-container\">\n\t\t\t\t\t\t\t\t\t\t\t\t\t\t\t\t<a href=\"https:\/\/heroes-for-heroes.com\/\">\n\t\t\t\t\t\t\t<img fetchpriority=\"high\" decoding=\"async\" width=\"663\" height=\"663\" src=\"https:\/\/marionriedl.com\/wp-content\/uploads\/2022\/05\/Logo-HeroesforHeroes.png\" class=\"attachment-full size-full wp-image-33127\" alt=\"\" srcset=\"https:\/\/marionriedl.com\/wp-content\/uploads\/2022\/05\/Logo-HeroesforHeroes.png 663w, https:\/\/marionriedl.com\/wp-content\/uploads\/2022\/05\/Logo-HeroesforHeroes-300x300.png 300w, https:\/\/marionriedl.com\/wp-content\/uploads\/2022\/05\/Logo-HeroesforHeroes-150x150.png 150w\" sizes=\"(max-width: 663px) 100vw, 663px\" \/>\t\t\t\t\t\t\t\t<\/a>\n\t\t\t\t\t\t\t\t\t\t\t\t\t\t\t<\/div>\n\t\t\t\t<\/div>\n\t\t\t\t\t<\/div>\n\t\t<\/div>\n\t\t\t\t<div class=\"elementor-column elementor-col-50 elementor-top-column elementor-element elementor-element-c38471a\" data-id=\"c38471a\" data-element_type=\"column\">\n\t\t\t<div class=\"elementor-widget-wrap elementor-element-populated\">\n\t\t\t\t\t\t<div class=\"elementor-element elementor-element-5a70be7 elementor-widget elementor-widget-heading\" data-id=\"5a70be7\" data-element_type=\"widget\" data-widget_type=\"heading.default\">\n\t\t\t\t<div class=\"elementor-widget-container\">\n\t\t\t\t\t<h2 class=\"elementor-heading-title elementor-size-default\">Sch\u00f6n, dass du da bist!<\/h2>\t\t\t\t<\/div>\n\t\t\t\t<\/div>\n\t\t\t\t<div class=\"elementor-element elementor-element-fb6576c elementor-widget elementor-widget-heading\" data-id=\"fb6576c\" data-element_type=\"widget\" data-widget_type=\"heading.default\">\n\t\t\t\t<div class=\"elementor-widget-container\">\n\t\t\t\t\t<h2 class=\"elementor-heading-title elementor-size-default\">Ich freue mich, dass du bei Heroes for Heroes gest\u00f6bert hast und mich als deinen Coach ausgew\u00e4hlt hast. Du bist deinem ersten Impuls gefolgt und hast auf dein Herz geh\u00f6rt, dir jetzt endlich Unterst\u00fctzung zu suchen. Dazu erstmal meine Anerkennung! Du willst deinem Leben eine neue Richtung geben und es freut mich, dich ein St\u00fcck auf deinem Weg zu begleiten.<\/h2>\t\t\t\t<\/div>\n\t\t\t\t<\/div>\n\t\t\t\t<div class=\"elementor-element elementor-element-d5ce593 elementor-align-center animated-slow button-marion-riedl elementor-invisible elementor-widget elementor-widget-button\" data-id=\"d5ce593\" data-element_type=\"widget\" data-settings=\"{&quot;_animation&quot;:&quot;fadeInUp&quot;}\" data-widget_type=\"button.default\">\n\t\t\t\t<div class=\"elementor-widget-container\">\n\t\t\t\t\t\t\t\t\t<div class=\"elementor-button-wrapper\">\n\t\t\t\t\t<a class=\"elementor-button elementor-button-link elementor-size-xl\" href=\"https:\/\/marionriedl.com\/en\/kontakt\/\">\n\t\t\t\t\t\t<span class=\"elementor-button-content-wrapper\">\n\t\t\t\t\t\t<span class=\"elementor-button-icon\">\n\t\t\t\t<i aria-hidden=\"true\" class=\"eci  herz_striche-marion_schau\"><\/i>\t\t\t<\/span>\n\t\t\t\t\t\t\t\t\t<span class=\"elementor-button-text\">GET IN TOUCH<\/span>\n\t\t\t\t\t<\/span>\n\t\t\t\t\t<\/a>\n\t\t\t\t<\/div>\n\t\t\t\t\t\t\t\t<\/div>\n\t\t\t\t<\/div>\n\t\t\t\t\t<\/div>\n\t\t<\/div>\n\t\t\t\t\t<\/div>\n\t\t<\/section>\n\t\t\t\t<section class=\"elementor-section elementor-top-section elementor-element elementor-element-289d191 elementor-section-boxed elementor-section-height-default elementor-section-height-default\" data-id=\"289d191\" data-element_type=\"section\" data-settings=\"{&quot;background_background&quot;:&quot;classic&quot;}\">\n\t\t\t\t\t\t<div class=\"elementor-container elementor-column-gap-default\">\n\t\t\t\t\t<div class=\"elementor-column elementor-col-50 elementor-top-column elementor-element elementor-element-d30fa12\" data-id=\"d30fa12\" data-element_type=\"column\" data-settings=\"{&quot;background_background&quot;:&quot;classic&quot;}\">\n\t\t\t<div class=\"elementor-widget-wrap elementor-element-populated\">\n\t\t\t\t\t\t<div class=\"elementor-element elementor-element-9c23b8e elementor-widget elementor-widget-heading\" data-id=\"9c23b8e\" data-element_type=\"widget\" data-widget_type=\"heading.default\">\n\t\t\t\t<div class=\"elementor-widget-container\">\n\t\t\t\t\t<h2 class=\"elementor-heading-title elementor-size-default\">Hierbei kann ich dich unterst\u00fctzen:<\/h2>\t\t\t\t<\/div>\n\t\t\t\t<\/div>\n\t\t\t\t<div class=\"elementor-element elementor-element-880c399 elementor-widget elementor-widget-text-editor\" data-id=\"880c399\" data-element_type=\"widget\" data-widget_type=\"text-editor.default\">\n\t\t\t\t<div class=\"elementor-widget-container\">\n\t\t\t\t\t\t\t\t\t<p>LERNEN<\/p>\t\t\t\t\t\t\t\t<\/div>\n\t\t\t\t<\/div>\n\t\t\t\t<div class=\"elementor-element elementor-element-235d3d1 elementor-widget elementor-widget-text-editor\" data-id=\"235d3d1\" data-element_type=\"widget\" data-widget_type=\"text-editor.default\">\n\t\t\t\t<div class=\"elementor-widget-container\">\n\t\t\t\t\t\t\t\t\t<p>Was w\u00e4re, wenn dir die B\u00fcffelei und Lernerei endlich leichter fallen w\u00fcrde? Dir sogar (ein bisschen) Spass machen w\u00fcrde? Und deine Noten dadurch besser w\u00e4ren? Das w\u00e4re meeeega, oder? Get in touch \u2013 das kriegen wir gemeinsam hin!<\/p>\t\t\t\t\t\t\t\t<\/div>\n\t\t\t\t<\/div>\n\t\t\t\t<div class=\"elementor-element elementor-element-415d176 elementor-widget elementor-widget-text-editor\" data-id=\"415d176\" data-element_type=\"widget\" data-widget_type=\"text-editor.default\">\n\t\t\t\t<div class=\"elementor-widget-container\">\n\t\t\t\t\t\t\t\t\t<p>\u00c4NGSTE<\/p>\t\t\t\t\t\t\t\t<\/div>\n\t\t\t\t<\/div>\n\t\t\t\t<div class=\"elementor-element elementor-element-d274b3c elementor-widget elementor-widget-text-editor\" data-id=\"d274b3c\" data-element_type=\"widget\" data-widget_type=\"text-editor.default\">\n\t\t\t\t<div class=\"elementor-widget-container\">\n\t\t\t\t\t\t\t\t\t<p>Angst ist grunds\u00e4tzlich etwas N\u00fctzliches \u2013 unsere Ururururururururgrosseltern hat sie damals vor dem S\u00e4belzahntiger bewahrt. Der ist inzwischen ausgestorben; unser Organismus tickt jedoch immer noch wie in der Steinzeit. Deshalb gibt es \u00c4ngste, die eigentlich nicht sein m\u00fcssten. Und diese bekommen wir gemeinsam in den Griff! Get in touch.<\/p>\t\t\t\t\t\t\t\t<\/div>\n\t\t\t\t<\/div>\n\t\t\t\t\t<\/div>\n\t\t<\/div>\n\t\t\t\t<div class=\"elementor-column elementor-col-50 elementor-top-column elementor-element elementor-element-799d600\" data-id=\"799d600\" data-element_type=\"column\" data-settings=\"{&quot;background_background&quot;:&quot;classic&quot;}\">\n\t\t\t<div class=\"elementor-widget-wrap elementor-element-populated\">\n\t\t\t\t\t\t<div class=\"elementor-element elementor-element-a732fc7 elementor-widget elementor-widget-heading\" data-id=\"a732fc7\" data-element_type=\"widget\" data-widget_type=\"heading.default\">\n\t\t\t\t<div class=\"elementor-widget-container\">\n\t\t\t\t\t<h2 class=\"elementor-heading-title elementor-size-default\">Ich bin ein Hero, weil:<\/h2>\t\t\t\t<\/div>\n\t\t\t\t<\/div>\n\t\t\t\t<div class=\"elementor-element elementor-element-6a0b147 elementor-widget elementor-widget-text-editor\" data-id=\"6a0b147\" data-element_type=\"widget\" data-widget_type=\"text-editor.default\">\n\t\t\t\t<div class=\"elementor-widget-container\">\n\t\t\t\t\t\t\t\t\t<p>Damals, als ich so alt war wie du, h\u00e4tte ich gerne einen stabileren Selbstwert und das n\u00f6tige Selbstvertrauen gehabt, um mein Leben nach meinen Tr\u00e4umen zu gestalten. Stattdessen gab es in meinem Kopf Schranken und H\u00fcrden. Erst einige Jahre sp\u00e4ter durfte ich lernen, dass es sich dabei um hinderliche Glaubenss\u00e4tze handelt, die sich jedoch in ein positives Mindset transformieren lassen (Yippie!!).<\/p><p>\u00a0<\/p><p>Seither ist folgender Glaubenssatz fest in mir verankert \u2013 und mein Ziel, mein Wunsch, ist es, dass auch du diesen Satz in dir sp\u00fcren kannst:<\/p><p>\u00a0<\/p><p><strong>Du bist mehr, als du denkst zu sein. Alles, was du brauchst, steckt bereits in dir.<\/strong><\/p>\t\t\t\t\t\t\t\t<\/div>\n\t\t\t\t<\/div>\n\t\t\t\t\t<\/div>\n\t\t<\/div>\n\t\t\t\t\t<\/div>\n\t\t<\/section>\n\t\t\t\t<section class=\"elementor-section elementor-top-section elementor-element elementor-element-e726c8a elementor-section-boxed elementor-section-height-default elementor-section-height-default\" data-id=\"e726c8a\" data-element_type=\"section\">\n\t\t\t\t\t\t<div class=\"elementor-container elementor-column-gap-default\">\n\t\t\t\t\t<div class=\"elementor-column elementor-col-100 elementor-top-column elementor-element elementor-element-bae2b4b\" data-id=\"bae2b4b\" data-element_type=\"column\">\n\t\t\t<div class=\"elementor-widget-wrap elementor-element-populated\">\n\t\t\t\t\t\t<div class=\"elementor-element elementor-element-62865c7 elementor-view-default elementor-invisible elementor-widget elementor-widget-icon\" data-id=\"62865c7\" data-element_type=\"widget\" data-settings=\"{&quot;_animation&quot;:&quot;fadeIn&quot;}\" data-widget_type=\"icon.default\">\n\t\t\t\t<div class=\"elementor-widget-container\">\n\t\t\t\t\t\t\t<div class=\"elementor-icon-wrapper\">\n\t\t\t<div class=\"elementor-icon\">\n\t\t\t<i aria-hidden=\"true\" class=\"eci  butterfly-side-butterfly-web2\"><\/i>\t\t\t<\/div>\n\t\t<\/div>\n\t\t\t\t\t\t<\/div>\n\t\t\t\t<\/div>\n\t\t\t\t\t<\/div>\n\t\t<\/div>\n\t\t\t\t\t<\/div>\n\t\t<\/section>\n\t\t\t\t<section class=\"elementor-section elementor-top-section elementor-element elementor-element-089a3a7 elementor-section-boxed elementor-section-height-default elementor-section-height-default elementor-invisible\" data-id=\"089a3a7\" data-element_type=\"section\" data-settings=\"{&quot;animation&quot;:&quot;fadeIn&quot;,&quot;background_background&quot;:&quot;classic&quot;}\">\n\t\t\t\t\t\t<div class=\"elementor-container elementor-column-gap-default\">\n\t\t\t\t\t<div class=\"elementor-column elementor-col-100 elementor-top-column elementor-element elementor-element-8e51058\" data-id=\"8e51058\" data-element_type=\"column\" data-settings=\"{&quot;background_background&quot;:&quot;classic&quot;}\">\n\t\t\t<div class=\"elementor-widget-wrap elementor-element-populated\">\n\t\t\t\t\t\t<div class=\"elementor-element elementor-element-167d612 elementor-widget elementor-widget-heading\" data-id=\"167d612\" data-element_type=\"widget\" data-widget_type=\"heading.default\">\n\t\t\t\t<div class=\"elementor-widget-container\">\n\t\t\t\t\t<h2 class=\"elementor-heading-title elementor-size-default\">Wie l\u00e4uft das jetzt mit dem Coaching?<\/h2>\t\t\t\t<\/div>\n\t\t\t\t<\/div>\n\t\t\t\t<div class=\"elementor-element elementor-element-ae9d02a elementor-widget elementor-widget-text-editor\" data-id=\"ae9d02a\" data-element_type=\"widget\" data-widget_type=\"text-editor.default\">\n\t\t\t\t<div class=\"elementor-widget-container\">\n\t\t\t\t\t\t\t\t\t<p>Schritt 1<\/p>\t\t\t\t\t\t\t\t<\/div>\n\t\t\t\t<\/div>\n\t\t\t\t<div class=\"elementor-element elementor-element-7421fa6 elementor-widget elementor-widget-text-editor\" data-id=\"7421fa6\" data-element_type=\"widget\" data-widget_type=\"text-editor.default\">\n\t\t\t\t<div class=\"elementor-widget-container\">\n\t\t\t\t\t\t\t\t\t<p><span style=\"color: var( --e-global-color-text ); letter-spacing: 0px;\">Unser erster gemeinsamer Schritt ist das kostenlose Vorgespr\u00e4ch (ca. 15-20 Minuten) am Telefon oder online \u00fcber Zoom. Daf\u00fcr vereinbaren wir einen Termin. Ich nehme mir gerne Zeit f\u00fcr dich &#8211; lass uns kennenlernen und connecten.<\/span><\/p><p>\u00a0<\/p>\t\t\t\t\t\t\t\t<\/div>\n\t\t\t\t<\/div>\n\t\t\t\t<div class=\"elementor-element elementor-element-35d0d06 elementor-widget elementor-widget-text-editor\" data-id=\"35d0d06\" data-element_type=\"widget\" data-widget_type=\"text-editor.default\">\n\t\t\t\t<div class=\"elementor-widget-container\">\n\t\t\t\t\t\t\t\t\t<p>Schritt 2<\/p>\t\t\t\t\t\t\t\t<\/div>\n\t\t\t\t<\/div>\n\t\t\t\t<div class=\"elementor-element elementor-element-6589d84 elementor-widget elementor-widget-text-editor\" data-id=\"6589d84\" data-element_type=\"widget\" data-widget_type=\"text-editor.default\">\n\t\t\t\t<div class=\"elementor-widget-container\">\n\t\t\t\t\t\t\t\t\t<p><span style=\"color: var( --e-global-color-text ); letter-spacing: 0px;\">Wenn es f\u00fcr uns beide passt, vereinbaren wir einen Termin f\u00fcr unsere gemeinsame Coachingsession. In der Regel dauert diese 60 Minuten und findet entweder online oder in meinem Praxisraum in Ennetb\u00fcrgen statt.<\/span><\/p><p>\u00a0<\/p>\t\t\t\t\t\t\t\t<\/div>\n\t\t\t\t<\/div>\n\t\t\t\t<div class=\"elementor-element elementor-element-582bff8 elementor-widget elementor-widget-text-editor\" data-id=\"582bff8\" data-element_type=\"widget\" data-widget_type=\"text-editor.default\">\n\t\t\t\t<div class=\"elementor-widget-container\">\n\t\t\t\t\t\t\t\t\t<p>Schritt 3<\/p>\t\t\t\t\t\t\t\t<\/div>\n\t\t\t\t<\/div>\n\t\t\t\t<div class=\"elementor-element elementor-element-ef733c4 elementor-widget elementor-widget-text-editor\" data-id=\"ef733c4\" data-element_type=\"widget\" data-widget_type=\"text-editor.default\">\n\t\t\t\t<div class=\"elementor-widget-container\">\n\t\t\t\t\t\t\t\t\t<p><span style=\"color: var( --e-global-color-text ); letter-spacing: 0px;\">F\u00fcr deine kostenlose Coachingsession treffen wir uns dann entweder vor Ort in meinem Praxisraum oder online \u00fcber Zoom (den Link dazu bekommst du von mir per Mail). Wenn du magst, k\u00f6nnen wir auch eine Runde spazieren gehen und dabei reden. Coachings \u00fcber die eine Stunde hinaus sind m\u00f6glich.<\/span><\/p>\t\t\t\t\t\t\t\t<\/div>\n\t\t\t\t<\/div>\n\t\t\t\t<div class=\"elementor-element elementor-element-ca74580 elementor-widget elementor-widget-text-editor\" data-id=\"ca74580\" data-element_type=\"widget\" data-widget_type=\"text-editor.default\">\n\t\t\t\t<div class=\"elementor-widget-container\">\n\t\t\t\t\t\t\t\t\t<p>\u00a0<\/p><p>WICHTIG<\/p>\t\t\t\t\t\t\t\t<\/div>\n\t\t\t\t<\/div>\n\t\t\t\t<div class=\"elementor-element elementor-element-c337968 elementor-widget elementor-widget-text-editor\" data-id=\"c337968\" data-element_type=\"widget\" data-widget_type=\"text-editor.default\">\n\t\t\t\t<div class=\"elementor-widget-container\">\n\t\t\t\t\t\t\t\t\t<p><strong>Nat\u00fcrlich brauche ich, sofern du noch nicht vollj\u00e4hrig bist, auch noch die Einverst\u00e4ndniserkl\u00e4rung deiner Eltern, dass du mit mir arbeiten kannst.<\/strong><\/p>\t\t\t\t\t\t\t\t<\/div>\n\t\t\t\t<\/div>\n\t\t\t\t<div class=\"elementor-element elementor-element-a08001b elementor-widget elementor-widget-heading\" data-id=\"a08001b\" data-element_type=\"widget\" data-widget_type=\"heading.default\">\n\t\t\t\t<div class=\"elementor-widget-container\">\n\t\t\t\t\t<h2 class=\"elementor-heading-title elementor-size-default\"><a href=\"https:\/\/marionriedl.com\/wp-content\/uploads\/2022\/05\/Einverstaendniserklaerung-Heroes-for-Heroes.pdf\" download=\"\">Einverst\u00e4ndniserkl\u00e4rung downloaden<\/a><\/h2>\t\t\t\t<\/div>\n\t\t\t\t<\/div>\n\t\t\t\t<div class=\"elementor-element elementor-element-c85e388 elementor-align-center animated-slow elementor-invisible elementor-widget elementor-widget-button\" data-id=\"c85e388\" data-element_type=\"widget\" data-settings=\"{&quot;_animation&quot;:&quot;fadeInUp&quot;}\" data-widget_type=\"button.default\">\n\t\t\t\t<div class=\"elementor-widget-container\">\n\t\t\t\t\t\t\t\t\t<div class=\"elementor-button-wrapper\">\n\t\t\t\t\t<a class=\"elementor-button elementor-button-link elementor-size-xl\" href=\"https:\/\/marionriedl.com\/en\/kontakt\/\">\n\t\t\t\t\t\t<span class=\"elementor-button-content-wrapper\">\n\t\t\t\t\t\t<span class=\"elementor-button-icon\">\n\t\t\t\t<i aria-hidden=\"true\" class=\"eci  herz_striche-marion_schau\"><\/i>\t\t\t<\/span>\n\t\t\t\t\t\t\t\t\t<span class=\"elementor-button-text\">GET IN TOUCH<\/span>\n\t\t\t\t\t<\/span>\n\t\t\t\t\t<\/a>\n\t\t\t\t<\/div>\n\t\t\t\t\t\t\t\t<\/div>\n\t\t\t\t<\/div>\n\t\t\t\t\t<\/div>\n\t\t<\/div>\n\t\t\t\t\t<\/div>\n\t\t<\/section>\n\t\t\t\t<section class=\"elementor-section elementor-top-section elementor-element elementor-element-1c57fa3 animated-slow elementor-section-boxed elementor-section-height-default elementor-section-height-default elementor-invisible\" data-id=\"1c57fa3\" data-element_type=\"section\" data-settings=\"{&quot;animation&quot;:&quot;fadeIn&quot;}\">\n\t\t\t\t\t\t\t<div class=\"elementor-background-overlay\"><\/div>\n\t\t\t\t\t\t\t<div class=\"elementor-container elementor-column-gap-default\">\n\t\t\t\t\t<div class=\"elementor-column elementor-col-100 elementor-top-column elementor-element elementor-element-e015494\" data-id=\"e015494\" data-element_type=\"column\">\n\t\t\t<div class=\"elementor-widget-wrap elementor-element-populated\">\n\t\t\t\t\t\t<div class=\"elementor-element elementor-element-de033e4 elementor-widget elementor-widget-image\" data-id=\"de033e4\" data-element_type=\"widget\" data-widget_type=\"image.default\">\n\t\t\t\t<div class=\"elementor-widget-container\">\n\t\t\t\t\t\t\t\t\t\t\t\t\t\t\t<img decoding=\"async\" width=\"628\" height=\"276\" src=\"https:\/\/marionriedl.com\/wp-content\/uploads\/2021\/04\/Mindful_Yoga_Sonne.png\" class=\"attachment-large size-large wp-image-14502\" alt=\"\" srcset=\"https:\/\/marionriedl.com\/wp-content\/uploads\/2021\/04\/Mindful_Yoga_Sonne.png 628w, https:\/\/marionriedl.com\/wp-content\/uploads\/2021\/04\/Mindful_Yoga_Sonne-300x132.png 300w, https:\/\/marionriedl.com\/wp-content\/uploads\/2021\/04\/Mindful_Yoga_Sonne-16x7.png 16w, https:\/\/marionriedl.com\/wp-content\/uploads\/2021\/04\/Mindful_Yoga_Sonne-20x9.png 20w\" sizes=\"(max-width: 628px) 100vw, 628px\" \/>\t\t\t\t\t\t\t\t\t\t\t\t\t\t\t<\/div>\n\t\t\t\t<\/div>\n\t\t\t\t<div class=\"elementor-element elementor-element-c6f2c13 elementor-widget elementor-widget-heading\" data-id=\"c6f2c13\" data-element_type=\"widget\" data-widget_type=\"heading.default\">\n\t\t\t\t<div class=\"elementor-widget-container\">\n\t\t\t\t\t<h2 class=\"elementor-heading-title elementor-size-default\">Believe in yourself\u200b<\/h2>\t\t\t\t<\/div>\n\t\t\t\t<\/div>\n\t\t\t\t\t<\/div>\n\t\t<\/div>\n\t\t\t\t\t<\/div>\n\t\t<\/section>\n\t\t\t\t<\/div>","protected":false},"excerpt":{"rendered":"<p>HELDEN WACHSEN GEMEINSAM Heroes for Heroes Sch\u00f6n, dass du da bist! Ich freue mich, dass du bei Heroes for Heroes gest\u00f6bert hast und mich als deinen Coach ausgew\u00e4hlt hast. Du bist deinem ersten Impuls gefolgt und hast auf dein Herz geh\u00f6rt, dir jetzt endlich Unterst\u00fctzung zu suchen. Dazu erstmal meine Anerkennung! Du willst deinem Leben [&hellip;]<\/p>","protected":false},"author":2,"featured_media":0,"parent":5344,"menu_order":3,"comment_status":"closed","ping_status":"closed","template":"elementor_theme","meta":{"footnotes":""},"class_list":["post-33085","page","type-page","status-publish","hentry"],"_links":{"self":[{"href":"https:\/\/marionriedl.com\/en\/wp-json\/wp\/v2\/pages\/33085","targetHints":{"allow":["GET"]}}],"collection":[{"href":"https:\/\/marionriedl.com\/en\/wp-json\/wp\/v2\/pages"}],"about":[{"href":"https:\/\/marionriedl.com\/en\/wp-json\/wp\/v2\/types\/page"}],"author":[{"embeddable":true,"href":"https:\/\/marionriedl.com\/en\/wp-json\/wp\/v2\/users\/2"}],"replies":[{"embeddable":true,"href":"https:\/\/marionriedl.com\/en\/wp-json\/wp\/v2\/comments?post=33085"}],"version-history":[{"count":188,"href":"https:\/\/marionriedl.com\/en\/wp-json\/wp\/v2\/pages\/33085\/revisions"}],"predecessor-version":[{"id":40422,"href":"https:\/\/marionriedl.com\/en\/wp-json\/wp\/v2\/pages\/33085\/revisions\/40422"}],"up":[{"embeddable":true,"href":"https:\/\/marionriedl.com\/en\/wp-json\/wp\/v2\/pages\/5344"}],"wp:attachment":[{"href":"https:\/\/marionriedl.com\/en\/wp-json\/wp\/v2\/media?parent=33085"}],"curies":[{"name":"wp","href":"https:\/\/api.w.org\/{rel}","templated":true}]}}